{"id":81,"date":"2024-02-20T23:23:22","date_gmt":"2024-02-20T16:23:22","guid":{"rendered":"https:\/\/bacsicuatoi.com\/?post_type=product&#038;p=81"},"modified":"2024-02-21T07:00:43","modified_gmt":"2024-02-21T00:00:43","slug":"sua-lottemilk-curcumin","status":"publish","type":"product","link":"https:\/\/bacsicuatoi.com\/index.php\/product\/sua-lottemilk-curcumin\/","title":{"rendered":"S\u1eeeA LOTTEMILK CURCUMIN"},"content":{"rendered":"<h2 class=\"\" data-sourcepos=\"1:1-1:91\">S\u1eefa Ngh\u1ec7 LotteMilk Curcumin Gold: B\u00ed Quy\u1ebft Cho H\u1ec7 Ti\u00eau H\u00f3a Kh\u1ecfe M\u1ea1nh V\u00e0 L\u00e0n Da R\u1ea1ng Ng\u1eddi<\/h2>\n<p data-sourcepos=\"3:1-3:115\"><strong>S\u1eefa ngh\u1ec7 LotteMilk Curcumin Gold<\/strong> l\u00e0 s\u1ea3n ph\u1ea9m dinh d\u01b0\u1ee1ng \u0111\u1eb7c bi\u1ec7t d\u00e0nh cho ng\u01b0\u1eddi g\u1eb7p c\u00e1c v\u1ea5n \u0111\u1ec1 v\u1ec1 d\u1ea1 d\u00e0y, t\u00e1 tr\u00e0ng, ng\u01b0\u1eddi sau ph\u1eabu thu\u1eadt v\u00e0 ph\u1ee5 n\u1eef sau sinh. V\u1edbi s\u1ef1 k\u1ebft h\u1ee3p ho\u00e0n h\u1ea3o gi\u1eefa tinh b\u1ed9t ngh\u1ec7 nano, curcumin, collagen v\u00e0 c\u00e1c vitamin thi\u1ebft y\u1ebfu, <strong>s\u1eefa ngh\u1ec7 LotteMilk Curcumin Gold<\/strong> mang \u0111\u1ebfn nh\u1eefng c\u00f4ng d\u1ee5ng tuy\u1ec7t v\u1eddi cho s\u1ee9c kh\u1ecfe v\u00e0 s\u1eafc \u0111\u1eb9p.<\/p>\n<figure id=\"attachment_82\" aria-describedby=\"caption-attachment-82\" style=\"width: 300px\" class=\"wp-caption aligncenter\"><img loading=\"lazy\" decoding=\"async\" class=\"wp-image-82 size-medium\" src=\"http:\/\/bacsicuatoi.com\/wp-content\/uploads\/2024\/02\/z4383958554397_27170a5c5f16bd38062e896afc9d9968-300x300.jpg\" alt=\"S\u1eeeA LOTTEMILK CURCUMIN\" width=\"300\" height=\"300\" srcset=\"https:\/\/bacsicuatoi.com\/wp-content\/uploads\/2024\/02\/z4383958554397_27170a5c5f16bd38062e896afc9d9968-300x300.jpg 300w, https:\/\/bacsicuatoi.com\/wp-content\/uploads\/2024\/02\/z4383958554397_27170a5c5f16bd38062e896afc9d9968-150x150.jpg 150w, https:\/\/bacsicuatoi.com\/wp-content\/uploads\/2024\/02\/z4383958554397_27170a5c5f16bd38062e896afc9d9968-768x768.jpg 768w, https:\/\/bacsicuatoi.com\/wp-content\/uploads\/2024\/02\/z4383958554397_27170a5c5f16bd38062e896afc9d9968-600x600.jpg 600w, https:\/\/bacsicuatoi.com\/wp-content\/uploads\/2024\/02\/z4383958554397_27170a5c5f16bd38062e896afc9d9968-100x100.jpg 100w, https:\/\/bacsicuatoi.com\/wp-content\/uploads\/2024\/02\/z4383958554397_27170a5c5f16bd38062e896afc9d9968.jpg 960w\" sizes=\"auto, (max-width: 300px) 100vw, 300px\" \/><figcaption id=\"caption-attachment-82\" class=\"wp-caption-text\">S\u1eeeA LOTTEMILK CURCUMIN<\/figcaption><\/figure>\n<p data-sourcepos=\"5:1-5:15\"><strong>Th\u00e0nh ph\u1ea7n:<\/strong><\/p>\n<ul data-sourcepos=\"7:1-11:22\">\n<li data-sourcepos=\"7:1-7:110\"><strong>Tinh b\u1ed9t ngh\u1ec7 nano:<\/strong>\u00a0Gi\u00fap gi\u1ea3m nhanh c\u00e1c tri\u1ec7u ch\u1ee9ng vi\u00eam lo\u00e9t d\u1ea1 d\u00e0y,\u00a0t\u00e1 tr\u00e0ng,\u00a0h\u1ed7 tr\u1ee3 ti\u00eau h\u00f3a t\u1ed1t h\u01a1n.<\/li>\n<li data-sourcepos=\"8:1-8:115\"><strong>Curcumin:<\/strong>\u00a0Ch\u1ea5t ch\u1ed1ng oxy h\u00f3a m\u1ea1nh m\u1ebd,\u00a0gi\u00fap b\u1ea3o v\u1ec7 c\u01a1 th\u1ec3 kh\u1ecfi t\u00e1c h\u1ea1i c\u1ee7a g\u1ed1c t\u1ef1 do,\u00a0t\u0103ng c\u01b0\u1eddng h\u1ec7 mi\u1ec5n d\u1ecbch.<\/li>\n<li data-sourcepos=\"9:1-9:71\"><strong>Collagen:<\/strong>\u00a0Gi\u00fap l\u00e0m \u0111\u1eb9p da,\u00a0ch\u1ed1ng l\u00e3o h\u00f3a,\u00a0t\u0103ng \u0111\u1ed9 \u0111\u00e0n h\u1ed3i cho da.<\/li>\n<li data-sourcepos=\"10:1-10:107\"><strong>Vitamin A, E, C:<\/strong>\u00a0Gi\u00fap ch\u1ed1ng oxy h\u00f3a,\u00a0b\u1ea3o v\u1ec7 da kh\u1ecfi t\u00e1c h\u1ea1i c\u1ee7a tia UV,\u00a0l\u00e0m s\u00e1ng da v\u00e0 gi\u1ea3m th\u00e2m n\u00e1m.<\/li>\n<li data-sourcepos=\"11:1-11:22\"><strong>Ngo\u00e0i ra, s\u1eefa ngh\u1ec7 LotteMilk Curcumin Gold c\u00f2n ch\u1ee9a nhi\u1ec1u d\u01b0\u1ee1ng ch\u1ea5t thi\u1ebft y\u1ebfu kh\u00e1c nh\u01b0:<\/strong>\u00a0protein,\u00a0canxi,\u00a0vitamin D,\u00a0B1,\u00a0B2,&#8230;\u00a0gi\u00fap cung c\u1ea5p \u0111\u1ea7y \u0111\u1ee7 dinh d\u01b0\u1ee1ng cho c\u01a1 th\u1ec3.<\/li>\n<\/ul>\n<p data-sourcepos=\"13:1-13:14\"><strong>C\u00f4ng d\u1ee5ng:<\/strong><\/p>\n<ul data-sourcepos=\"15:1-21:0\">\n<li data-sourcepos=\"15:1-15:126\">H\u1ed7 tr\u1ee3 \u0111i\u1ec1u tr\u1ecb vi\u00eam lo\u00e9t d\u1ea1 d\u00e0y,\u00a0t\u00e1 tr\u00e0ng,\u00a0gi\u00fap gi\u1ea3m nhanh c\u00e1c tri\u1ec7u ch\u1ee9ng nh\u01b0 \u1ee3 n\u00f3ng,\u00a0\u1ee3 h\u01a1i,\u00a0\u0111\u1ea7y b\u1ee5ng,\u00a0tr\u00e0o ng\u01b0\u1ee3c axit,&#8230;<\/li>\n<li data-sourcepos=\"16:1-16:65\">Gi\u00fap b\u1ea3o v\u1ec7 ni\u00eam m\u1ea1c d\u1ea1 d\u00e0y,\u00a0t\u00e1 tr\u00e0ng,\u00a0h\u1ed7 tr\u1ee3 ti\u00eau h\u00f3a t\u1ed1t h\u01a1n.<\/li>\n<li data-sourcepos=\"17:1-17:49\">T\u0103ng c\u01b0\u1eddng h\u1ec7 mi\u1ec5n d\u1ecbch,\u00a0gi\u00fap c\u01a1 th\u1ec3 kh\u1ecfe m\u1ea1nh.<\/li>\n<li data-sourcepos=\"18:1-18:52\">L\u00e0m \u0111\u1eb9p da,\u00a0ch\u1ed1ng l\u00e3o h\u00f3a,\u00a0t\u0103ng \u0111\u1ed9 \u0111\u00e0n h\u1ed3i cho da.<\/li>\n<li data-sourcepos=\"19:1-19:66\">Gi\u00fap v\u1ebft th\u01b0\u01a1ng mau l\u00e0nh,\u00a0\u0111\u1eb7c bi\u1ec7t l\u00e0 v\u1ebft th\u01b0\u01a1ng sau ph\u1eabu thu\u1eadt.<\/li>\n<li data-sourcepos=\"20:1-21:0\">B\u1ed5 sung dinh d\u01b0\u1ee1ng cho c\u01a1 th\u1ec3,\u00a0gi\u00fap c\u01a1 th\u1ec3 ph\u00e1t tri\u1ec3n kh\u1ecfe m\u1ea1nh.<\/li>\n<\/ul>\n<p data-sourcepos=\"22:1-22:22\"><strong>\u0110\u1ed1i t\u01b0\u1ee3ng s\u1eed d\u1ee5ng:<\/strong><\/p>\n<ul data-sourcepos=\"24:1-30:0\">\n<li data-sourcepos=\"24:1-24:38\">Ng\u01b0\u1eddi b\u1ecb vi\u00eam lo\u00e9t d\u1ea1 d\u00e0y,\u00a0t\u00e1 tr\u00e0ng.<\/li>\n<li data-sourcepos=\"25:1-25:23\">Ng\u01b0\u1eddi sau ph\u1eabu thu\u1eadt.<\/li>\n<li data-sourcepos=\"26:1-26:18\">Ph\u1ee5 n\u1eef sau sinh.<\/li>\n<li data-sourcepos=\"27:1-27:45\">Ng\u01b0\u1eddi c\u00f3 nhu c\u1ea7u l\u00e0m \u0111\u1eb9p da,\u00a0ch\u1ed1ng l\u00e3o h\u00f3a.<\/li>\n<li data-sourcepos=\"28:1-28:28\">Ng\u01b0\u1eddi c\u00f3 h\u1ec7 mi\u1ec5n d\u1ecbch y\u1ebfu.<\/li>\n<li data-sourcepos=\"29:1-30:0\">Ng\u01b0\u1eddi c\u1ea7n b\u1ed5 sung dinh d\u01b0\u1ee1ng.<\/li>\n<\/ul>\n<p data-sourcepos=\"31:1-31:17\"><strong>C\u00e1ch s\u1eed d\u1ee5ng:<\/strong><\/p>\n<ul data-sourcepos=\"33:1-36:0\">\n<li data-sourcepos=\"33:1-33:63\">Pha 2 mu\u1ed7ng g\u1ea1t (kho\u1ea3ng 30g) v\u1edbi 180ml n\u01b0\u1edbc \u1ea5m (kho\u1ea3ng 50\u00b0C).<\/li>\n<li data-sourcepos=\"34:1-34:38\">Khu\u1ea5y \u0111\u1ec1u cho \u0111\u1ebfn khi tan ho\u00e0n to\u00e0n.<\/li>\n<li data-sourcepos=\"35:1-36:0\">U\u1ed1ng 2-3 l\u1ea7n\/ng\u00e0y.<\/li>\n<\/ul>\n<p data-sourcepos=\"37:1-37:10\"><strong>L\u01b0u \u00fd:<\/strong><\/p>\n<ul data-sourcepos=\"39:1-42:0\">\n<li data-sourcepos=\"39:1-39:65\">N\u00ean s\u1eed d\u1ee5ng s\u1ea3n ph\u1ea9m \u0111\u1ec1u \u0111\u1eb7n m\u1ed7i ng\u00e0y \u0111\u1ec3 \u0111\u1ea1t hi\u1ec7u qu\u1ea3 t\u1ed1t nh\u1ea5t.<\/li>\n<li data-sourcepos=\"40:1-40:82\">Kh\u00f4ng s\u1eed d\u1ee5ng s\u1ea3n ph\u1ea9m cho ng\u01b0\u1eddi m\u1eabn c\u1ea3m v\u1edbi b\u1ea5t k\u1ef3 th\u00e0nh ph\u1ea7n n\u00e0o c\u1ee7a s\u1ea3n ph\u1ea9m.<\/li>\n<li data-sourcepos=\"41:1-42:0\">S\u1ea3n ph\u1ea9m n\u00e0y kh\u00f4ng ph\u1ea3i l\u00e0 thu\u1ed1c v\u00e0 kh\u00f4ng c\u00f3 t\u00e1c d\u1ee5ng thay th\u1ebf thu\u1ed1c ch\u1eefa b\u1ec7nh.<\/li>\n<\/ul>\n<p data-sourcepos=\"43:1-43:85\"><strong>Ngo\u00e0i ra, b\u1ea1n c\u00f3 th\u1ec3 tham kh\u1ea3o th\u00eam m\u1ed9t s\u1ed1 th\u00f4ng tin h\u1eefu \u00edch v\u1ec1 s\u1ea3n ph\u1ea9m t\u1ea1i \u0111\u00e2y:<\/strong><\/p>\n<ul data-sourcepos=\"45:1-47:0\">\n<li data-sourcepos=\"45:1-45:40\"><strong>Website:<\/strong>\u00a0[\u0111\u00e3 xo\u00e1 URL kh\u00f4ng h\u1ee3p l\u1ec7]<\/li>\n<li data-sourcepos=\"46:1-47:0\"><strong>Fanpage:<\/strong>\u00a0[\u0111\u00e3 xo\u00e1 URL kh\u00f4ng h\u1ee3p l\u1ec7]<\/li>\n<\/ul>\n<p data-sourcepos=\"48:1-48:160\"><strong>S\u1eefa ngh\u1ec7 LotteMilk Curcumin Gold<\/strong> l\u00e0 l\u1ef1a ch\u1ecdn ho\u00e0n h\u1ea3o cho h\u1ec7 ti\u00eau h\u00f3a kh\u1ecfe m\u1ea1nh v\u00e0 l\u00e0n da r\u1ea1ng ng\u1eddi. H\u00e3y s\u1eed d\u1ee5ng s\u1ea3n ph\u1ea9m m\u1ed7i ng\u00e0y \u0111\u1ec3 c\u1ea3m nh\u1eadn s\u1ef1 kh\u00e1c bi\u1ec7t!<\/p>\n","protected":false},"excerpt":{"rendered":"<p>&#8220;S\u1eefa Ngh\u1ec7 LotteMilk Curcumin Gold: S\u1ea3n ph\u1ea9m l\u1ef1a ch\u1ecdn t\u1ed1i \u01b0u cho \u0111\u01b0\u1eddng ti\u00eau h\u00f3a v\u00e0 s\u1eafc \u0111\u1eb9p. S\u1ef1 k\u1ebft h\u1ee3p gi\u1eefa ngh\u1ec7, curcumin, v\u00e0 collagen c\u00f9ng v\u1edbi c\u00e1c d\u01b0\u1ee1ng ch\u1ea5t c\u1ea7n thi\u1ebft c\u1ea3i thi\u1ec7n v\u00f3c d\u00e1ng, ch\u1ed1ng l\u00e3o h\u00f3a v\u00e0 t\u0103ng \u0111\u1ec1 kh\u00e1ng. L\u00e0m khu\u00e2y l\u00ean tinh th\u1ea7n &amp; n\u00e9t d\u00e1ng m\u1edbi!&#8221;<\/p>\n","protected":false},"featured_media":82,"comment_status":"open","ping_status":"closed","template":"","meta":[],"product_brand":[],"product_cat":[19],"product_tag":[],"class_list":{"0":"post-81","1":"product","2":"type-product","3":"status-publish","4":"has-post-thumbnail","6":"product_cat-sua-y-te","8":"first","9":"instock","10":"shipping-taxable","11":"product-type-simple"},"_links":{"self":[{"href":"https:\/\/bacsicuatoi.com\/index.php\/wp-json\/wp\/v2\/product\/81","targetHints":{"allow":["GET"]}}],"collection":[{"href":"https:\/\/bacsicuatoi.com\/index.php\/wp-json\/wp\/v2\/product"}],"about":[{"href":"https:\/\/bacsicuatoi.com\/index.php\/wp-json\/wp\/v2\/types\/product"}],"replies":[{"embeddable":true,"href":"https:\/\/bacsicuatoi.com\/index.php\/wp-json\/wp\/v2\/comments?post=81"}],"wp:featuredmedia":[{"embeddable":true,"href":"https:\/\/bacsicuatoi.com\/index.php\/wp-json\/wp\/v2\/media\/82"}],"wp:attachment":[{"href":"https:\/\/bacsicuatoi.com\/index.php\/wp-json\/wp\/v2\/media?parent=81"}],"wp:term":[{"taxonomy":"product_brand","embeddable":true,"href":"https:\/\/bacsicuatoi.com\/index.php\/wp-json\/wp\/v2\/product_brand?post=81"},{"taxonomy":"product_cat","embeddable":true,"href":"https:\/\/bacsicuatoi.com\/index.php\/wp-json\/wp\/v2\/product_cat?post=81"},{"taxonomy":"product_tag","embeddable":true,"href":"https:\/\/bacsicuatoi.com\/index.php\/wp-json\/wp\/v2\/product_tag?post=81"}],"curies":[{"name":"wp","href":"https:\/\/api.w.org\/{rel}","templated":true}]}}