{"id":85,"date":"2024-02-20T23:33:30","date_gmt":"2024-02-20T16:33:30","guid":{"rendered":"https:\/\/bacsicuatoi.com\/?post_type=product&#038;p=85"},"modified":"2024-02-20T23:33:30","modified_gmt":"2024-02-20T16:33:30","slug":"sua-lottemilk-glucena","status":"publish","type":"product","link":"https:\/\/bacsicuatoi.com\/index.php\/product\/sua-lottemilk-glucena\/","title":{"rendered":"S\u1eeeA LOTTEMILK GLUCENA"},"content":{"rendered":"<h2 class=\"\" data-sourcepos=\"1:1-1:78\">S\u1eefa LotteMilk Glucerna &#8211; Gi\u1ea3i ph\u00e1p dinh d\u01b0\u1ee1ng ho\u00e0n h\u1ea3o cho ng\u01b0\u1eddi ti\u1ec3u \u0111\u01b0\u1eddng<\/h2>\n<p data-sourcepos=\"3:1-3:46\"><strong>S\u1eefa LotteMilk Glucerna<\/strong> l\u00e0 s\u1ea3n ph\u1ea9m s\u1eefa b\u1ed9t dinh d\u01b0\u1ee1ng \u0111\u1eb7c bi\u1ec7t d\u00e0nh cho ng\u01b0\u1eddi ti\u1ec3u \u0111\u01b0\u1eddng, \u0111\u01b0\u1ee3c nghi\u00ean c\u1ee9u v\u00e0 ph\u00e1t tri\u1ec3n b\u1edfi \u0111\u1ed9i ng\u0169 chuy\u00ean gia dinh d\u01b0\u1ee1ng h\u00e0ng \u0111\u1ea7u c\u1ee7a Lotte. S\u1eefa cung c\u1ea5p \u0111\u1ea7y \u0111\u1ee7 c\u00e1c d\u01b0\u1ee1ng ch\u1ea5t thi\u1ebft y\u1ebfu cho c\u01a1 th\u1ec3, gi\u00fap ki\u1ec3m so\u00e1t \u0111\u01b0\u1eddng huy\u1ebft hi\u1ec7u qu\u1ea3 v\u00e0 h\u1ed7 tr\u1ee3 ng\u0103n ng\u1eeba bi\u1ebfn ch\u1ee9ng ti\u1ec3u \u0111\u01b0\u1eddng.<\/p>\n<figure id=\"attachment_86\" aria-describedby=\"caption-attachment-86\" style=\"width: 300px\" class=\"wp-caption aligncenter\"><img loading=\"lazy\" decoding=\"async\" class=\"wp-image-86 size-medium\" src=\"http:\/\/bacsicuatoi.com\/wp-content\/uploads\/2024\/02\/glucerna-300x300.jpg\" alt=\"S\u1eeeA LOTTEMILK GLUCENA\" width=\"300\" height=\"300\" srcset=\"https:\/\/bacsicuatoi.com\/wp-content\/uploads\/2024\/02\/glucerna-300x300.jpg 300w, https:\/\/bacsicuatoi.com\/wp-content\/uploads\/2024\/02\/glucerna-150x150.jpg 150w, https:\/\/bacsicuatoi.com\/wp-content\/uploads\/2024\/02\/glucerna-100x100.jpg 100w, https:\/\/bacsicuatoi.com\/wp-content\/uploads\/2024\/02\/glucerna.jpg 433w\" sizes=\"auto, (max-width: 300px) 100vw, 300px\" \/><figcaption id=\"caption-attachment-86\" class=\"wp-caption-text\">S\u1eeeA LOTTEMILK GLUCENA<\/figcaption><\/figure>\n<p data-sourcepos=\"5:1-5:12\"><strong>Th\u00e0nh ph\u1ea7n:<\/strong><\/p>\n<ul data-sourcepos=\"7:1-8:24\">\n<li data-sourcepos=\"7:1-7:70\"><strong>Ch\u1ea5t \u0111\u1ea1m:<\/strong>\u00a0H\u1ed7 tr\u1ee3 qu\u00e1 tr\u00ecnh trao \u0111\u1ed5i ch\u1ea5t,\u00a0gi\u00fap c\u01a1 th\u1ec3 kh\u1ecfe m\u1ea1nh.<\/li>\n<li data-sourcepos=\"8:1-8:24\"><strong>Ch\u1ea5t b\u00e9o:<\/strong>\u00a0Cung c\u1ea5p n\u0103ng l\u01b0\u1ee3ng cho c\u01a1 th\u1ec3.<\/li>\n<li data-sourcepos=\"9:1-9:67\"><strong>Isomalt:<\/strong>\u00a0Ch\u1ea5t x\u01a1 h\u00f2a tan gi\u00fap ki\u1ec3m so\u00e1t \u0111\u01b0\u1eddng huy\u1ebft hi\u1ec7u qu\u1ea3.<\/li>\n<li data-sourcepos=\"10:1-11:0\"><strong>Vitamin v\u00e0 kho\u00e1ng ch\u1ea5t:<\/strong>\u00a0Cung c\u1ea5p \u0111\u1ea7y \u0111\u1ee7 c\u00e1c vitamin v\u00e0 kho\u00e1ng ch\u1ea5t thi\u1ebft y\u1ebfu cho c\u01a1 th\u1ec3.<\/li>\n<\/ul>\n<p data-sourcepos=\"12:1-12:14\"><strong>C\u00f4ng d\u1ee5ng:<\/strong><\/p>\n<ul data-sourcepos=\"14:1-15:90\">\n<li data-sourcepos=\"14:1-14:170\"><strong>Ki\u1ec3m so\u00e1t \u0111\u01b0\u1eddng huy\u1ebft hi\u1ec7u qu\u1ea3:<\/strong>\u00a0S\u1eefa LotteMilk Glucerna c\u00f3 ch\u1ec9 s\u1ed1 \u0111\u01b0\u1eddng huy\u1ebft th\u1ea5p (GI = 28),\u00a0gi\u00fap ki\u1ec3m so\u00e1t \u0111\u01b0\u1eddng huy\u1ebft hi\u1ec7u qu\u1ea3 v\u00e0 ng\u0103n ng\u1eeba bi\u1ebfn ch\u1ee9ng ti\u1ec3u \u0111\u01b0\u1eddng.<\/li>\n<li data-sourcepos=\"15:1-15:90\"><strong>Cung c\u1ea5p dinh d\u01b0\u1ee1ng \u0111\u1ea7y \u0111\u1ee7:<\/strong>\u00a0S\u1eefa cung c\u1ea5p \u0111\u1ea7y \u0111\u1ee7 c\u00e1c d\u01b0\u1ee1ng ch\u1ea5t thi\u1ebft y\u1ebfu cho c\u01a1 th\u1ec3,\u00a0gi\u00fap ng\u01b0\u1eddi ti\u1ec3u \u0111\u01b0\u1eddng lu\u00f4n kh\u1ecfe m\u1ea1nh v\u00e0 tr\u00e0n \u0111\u1ea7y n\u0103ng l\u01b0\u1ee3ng.<\/li>\n<li data-sourcepos=\"16:1-16:138\"><strong>H\u1ed7 tr\u1ee3 h\u1ec7 ti\u00eau h\u00f3a:<\/strong>\u00a0S\u1eefa LotteMilk Glucerna c\u00f3 ch\u1ee9a ch\u1ea5t x\u01a1 h\u00f2a tan gi\u00fap h\u1ed7 tr\u1ee3 h\u1ec7 ti\u00eau h\u00f3a kh\u1ecfe m\u1ea1nh,\u00a0t\u0103ng c\u01b0\u1eddng h\u1ea5p thu dinh d\u01b0\u1ee1ng.<\/li>\n<li data-sourcepos=\"17:1-18:0\"><strong>T\u0103ng c\u01b0\u1eddng s\u1ee9c \u0111\u1ec1 kh\u00e1ng:<\/strong>\u00a0S\u1eefa cung c\u1ea5p c\u00e1c vitamin v\u00e0 kho\u00e1ng ch\u1ea5t thi\u1ebft y\u1ebfu gi\u00fap t\u0103ng c\u01b0\u1eddng s\u1ee9c \u0111\u1ec1 kh\u00e1ng,\u00a0ch\u1ed1ng l\u1ea1i b\u1ec7nh t\u1eadt.<\/li>\n<\/ul>\n<p data-sourcepos=\"19:1-19:22\"><strong>\u0110\u1ed1i t\u01b0\u1ee3ng s\u1eed d\u1ee5ng:<\/strong><\/p>\n<ul data-sourcepos=\"21:1-24:0\">\n<li data-sourcepos=\"21:1-21:26\"><strong>Ng\u01b0\u1eddi b\u1ecb ti\u1ec3u \u0111\u01b0\u1eddng.<\/strong><\/li>\n<li data-sourcepos=\"22:1-22:47\"><strong>Ng\u01b0\u1eddi c\u00f3 nguy c\u01a1 cao m\u1eafc b\u1ec7nh ti\u1ec3u \u0111\u01b0\u1eddng.<\/strong><\/li>\n<li data-sourcepos=\"23:1-24:0\"><strong>Ng\u01b0\u1eddi c\u00f3 ch\u1ebf \u0111\u1ed9 \u0103n u\u1ed1ng kh\u00f4ng c\u00e2n b\u1eb1ng.<\/strong><\/li>\n<\/ul>\n<p data-sourcepos=\"25:1-25:17\"><strong>C\u00e1ch s\u1eed d\u1ee5ng:<\/strong><\/p>\n<ul data-sourcepos=\"27:1-30:0\">\n<li data-sourcepos=\"27:1-27:67\">Pha 4 mu\u1ed7ng g\u1ea1t (kho\u1ea3ng 30g) s\u1eefa v\u1edbi 180ml n\u01b0\u1edbc \u1ea5m (kho\u1ea3ng 50\u00b0C).<\/li>\n<li data-sourcepos=\"28:1-28:38\">Khu\u1ea5y \u0111\u1ec1u cho \u0111\u1ebfn khi tan ho\u00e0n to\u00e0n.<\/li>\n<li data-sourcepos=\"29:1-30:0\">U\u1ed1ng 2-3 ly m\u1ed7i ng\u00e0y.<\/li>\n<\/ul>\n<p data-sourcepos=\"31:1-31:10\"><strong>L\u01b0u \u00fd:<\/strong><\/p>\n<ul data-sourcepos=\"33:1-35:0\">\n<li data-sourcepos=\"33:1-33:81\">S\u1ea3n ph\u1ea9m n\u00e0y kh\u00f4ng ph\u1ea3i l\u00e0 thu\u1ed1c v\u00e0 kh\u00f4ng c\u00f3 t\u00e1c d\u1ee5ng thay th\u1ebf thu\u1ed1c ch\u1eefa b\u1ec7nh.<\/li>\n<li data-sourcepos=\"34:1-35:0\">N\u00ean s\u1eed d\u1ee5ng s\u1ea3n ph\u1ea9m theo h\u01b0\u1edbng d\u1eabn c\u1ee7a b\u00e1c s\u0129 ho\u1eb7c chuy\u00ean gia dinh d\u01b0\u1ee1ng.<\/li>\n<\/ul>\n<p><img loading=\"lazy\" decoding=\"async\" class=\"size-full wp-image-87 aligncenter\" src=\"http:\/\/bacsicuatoi.com\/wp-content\/uploads\/2024\/02\/z4378915028820_e16b4781b08a473aabfa90bd10ea158f-300x210-1.jpg\" alt=\"\" width=\"300\" height=\"210\" \/><\/p>\n<p data-sourcepos=\"36:1-36:63\"><strong>S\u1eefa LotteMilk Glucerna<\/strong> l\u00e0 gi\u1ea3i ph\u00e1p dinh d\u01b0\u1ee1ng ho\u00e0n h\u1ea3o cho ng\u01b0\u1eddi ti\u1ec3u \u0111\u01b0\u1eddng. S\u1eefa gi\u00fap ki\u1ec3m so\u00e1t \u0111\u01b0\u1eddng huy\u1ebft hi\u1ec7u qu\u1ea3, cung c\u1ea5p \u0111\u1ea7y \u0111\u1ee7 dinh d\u01b0\u1ee1ng v\u00e0 h\u1ed7 tr\u1ee3 ng\u0103n ng\u1eeba bi\u1ebfn ch\u1ee9ng ti\u1ec3u \u0111\u01b0\u1eddng.<\/p>\n","protected":false},"excerpt":{"rendered":"<p><strong>S\u1eefa LotteMilk Glucerna<\/strong> &#8211; Gi\u00fap ki\u1ec3m so\u00e1t \u0111\u01b0\u1eddng huy\u1ebft hi\u1ec7u qu\u1ea3, cung c\u1ea5p \u0111\u1ea7y \u0111\u1ee7 dinh d\u01b0\u1ee1ng cho ng\u01b0\u1eddi ti\u1ec3u \u0111\u01b0\u1eddng. <strong>H\u1ed7 tr\u1ee3 ng\u0103n ng\u1eeba bi\u1ebfn ch\u1ee9ng<\/strong>, t\u0103ng c\u01b0\u1eddng s\u1ee9c \u0111\u1ec1 kh\u00e1ng. <strong>Li\u00ean h\u1ec7 t\u01b0 v\u1ea5n mi\u1ec5n ph\u00ed!<\/strong><\/p>\n","protected":false},"featured_media":86,"comment_status":"open","ping_status":"closed","template":"","meta":[],"product_brand":[],"product_cat":[19],"product_tag":[],"class_list":{"0":"post-85","1":"product","2":"type-product","3":"status-publish","4":"has-post-thumbnail","6":"product_cat-sua-y-te","8":"first","9":"instock","10":"shipping-taxable","11":"product-type-simple"},"_links":{"self":[{"href":"https:\/\/bacsicuatoi.com\/index.php\/wp-json\/wp\/v2\/product\/85","targetHints":{"allow":["GET"]}}],"collection":[{"href":"https:\/\/bacsicuatoi.com\/index.php\/wp-json\/wp\/v2\/product"}],"about":[{"href":"https:\/\/bacsicuatoi.com\/index.php\/wp-json\/wp\/v2\/types\/product"}],"replies":[{"embeddable":true,"href":"https:\/\/bacsicuatoi.com\/index.php\/wp-json\/wp\/v2\/comments?post=85"}],"wp:featuredmedia":[{"embeddable":true,"href":"https:\/\/bacsicuatoi.com\/index.php\/wp-json\/wp\/v2\/media\/86"}],"wp:attachment":[{"href":"https:\/\/bacsicuatoi.com\/index.php\/wp-json\/wp\/v2\/media?parent=85"}],"wp:term":[{"taxonomy":"product_brand","embeddable":true,"href":"https:\/\/bacsicuatoi.com\/index.php\/wp-json\/wp\/v2\/product_brand?post=85"},{"taxonomy":"product_cat","embeddable":true,"href":"https:\/\/bacsicuatoi.com\/index.php\/wp-json\/wp\/v2\/product_cat?post=85"},{"taxonomy":"product_tag","embeddable":true,"href":"https:\/\/bacsicuatoi.com\/index.php\/wp-json\/wp\/v2\/product_tag?post=85"}],"curies":[{"name":"wp","href":"https:\/\/api.w.org\/{rel}","templated":true}]}}