{"id":88,"date":"2024-02-20T23:37:31","date_gmt":"2024-02-20T16:37:31","guid":{"rendered":"https:\/\/bacsicuatoi.com\/?post_type=product&#038;p=88"},"modified":"2024-02-20T23:37:31","modified_gmt":"2024-02-20T16:37:31","slug":"sua-lottemilk-healthy","status":"publish","type":"product","link":"https:\/\/bacsicuatoi.com\/index.php\/product\/sua-lottemilk-healthy\/","title":{"rendered":"S\u1eefa LotteMilk Healthy"},"content":{"rendered":"<h2 class=\"\" data-sourcepos=\"1:1-1:88\">S\u1eefa LotteMilk Healthy &#8211; Gi\u1ea3i ph\u00e1p dinh d\u01b0\u1ee1ng ho\u00e0n h\u1ea3o cho ng\u01b0\u1eddi c\u1ea7n ph\u1ee5c h\u1ed3i s\u1ee9c kh\u1ecfe<\/h2>\n<p data-sourcepos=\"3:1-3:41\"><strong>S\u1eefa LotteMilk Healthy<\/strong> l\u00e0 s\u1ea3n ph\u1ea9m s\u1eefa b\u1ed9t dinh d\u01b0\u1ee1ng \u0111\u1eb7c bi\u1ec7t d\u00e0nh cho ng\u01b0\u1eddi c\u1ea7n ph\u1ee5c h\u1ed3i s\u1ee9c kh\u1ecfe, ng\u01b0\u1eddi m\u1edbi \u1ed1m d\u1eady, ng\u01b0\u1eddi g\u1ea7y, ng\u01b0\u1eddi k\u00e9m \u0103n, ng\u01b0\u1eddi ung th\u01b0, ch\u00e1n \u0103n,&#8230; S\u1eefa cung c\u1ea5p \u0111\u1ea7y \u0111\u1ee7 c\u00e1c d\u01b0\u1ee1ng ch\u1ea5t thi\u1ebft y\u1ebfu cho c\u01a1 th\u1ec3, gi\u00fap t\u0103ng c\u01b0\u1eddng s\u1ee9c \u0111\u1ec1 kh\u00e1ng, k\u00edch th\u00edch \u0103n ngon mi\u1ec7ng, ti\u00eau h\u00f3a t\u1ed1t v\u00e0 ph\u1ee5c h\u1ed3i s\u1ee9c kh\u1ecfe nhanh ch\u00f3ng.<\/p>\n<figure id=\"attachment_89\" aria-describedby=\"caption-attachment-89\" style=\"width: 300px\" class=\"wp-caption aligncenter\"><img loading=\"lazy\" decoding=\"async\" class=\"size-medium wp-image-89\" src=\"http:\/\/bacsicuatoi.com\/wp-content\/uploads\/2024\/02\/san-pham-1-300x300.jpg\" alt=\"S\u1eefa LotteMilk Healthy - Gi\u00fap ph\u1ee5c h\u1ed3i s\u1ee9c kh\u1ecfe nhanh, t\u0103ng c\u01b0\u1eddng \u0111\u1ec1 kh\u00e1ng, k\u00edch th\u00edch \u0103n ngon mi\u1ec7ng. D\u00e0nh cho ng\u01b0\u1eddi m\u1edbi \u1ed1m d\u1eady, ng\u01b0\u1eddi g\u1ea7y, ng\u01b0\u1eddi ung th\u01b0, ch\u00e1n \u0103n.Li\u00ean h\u1ec7 t\u01b0 v\u1ea5n mi\u1ec5n ph\u00ed!\" width=\"300\" height=\"300\" srcset=\"https:\/\/bacsicuatoi.com\/wp-content\/uploads\/2024\/02\/san-pham-1-300x300.jpg 300w, https:\/\/bacsicuatoi.com\/wp-content\/uploads\/2024\/02\/san-pham-1-150x150.jpg 150w, https:\/\/bacsicuatoi.com\/wp-content\/uploads\/2024\/02\/san-pham-1-768x768.jpg 768w, https:\/\/bacsicuatoi.com\/wp-content\/uploads\/2024\/02\/san-pham-1-600x600.jpg 600w, https:\/\/bacsicuatoi.com\/wp-content\/uploads\/2024\/02\/san-pham-1-100x100.jpg 100w, https:\/\/bacsicuatoi.com\/wp-content\/uploads\/2024\/02\/san-pham-1.jpg 800w\" sizes=\"auto, (max-width: 300px) 100vw, 300px\" \/><figcaption id=\"caption-attachment-89\" class=\"wp-caption-text\">S\u1eefa LotteMilk Healthy\u00a0<\/figcaption><\/figure>\n<p data-sourcepos=\"5:1-5:15\"><strong>Th\u00e0nh ph\u1ea7n:<\/strong><\/p>\n<ul data-sourcepos=\"7:1-7:51\">\n<li data-sourcepos=\"7:1-7:51\"><strong>35 ho\u1ea1t ch\u1ea5t dinh d\u01b0\u1ee1ng:<\/strong>\u00a0Bao g\u1ed3m s\u1eefa b\u00e9o,\u00a0s\u1eefa b\u1ed9t nguy\u00ean kem,\u00a0s\u1eefa non,\u00a0c\u00e1c ch\u1ea5t dinh d\u01b0\u1ee1ng,\u00a0d\u1ea7u th\u1ef1c v\u1eadt,\u00a0ch\u1ea5t x\u01a1,\u00a0kho\u00e1ng ch\u1ea5t v\u00e0 c\u00e1c vitamin.<\/li>\n<li data-sourcepos=\"8:1-8:64\"><strong>S\u1eefa non:<\/strong>\u00a0Gi\u00fap t\u0103ng c\u01b0\u1eddng h\u1ec7 mi\u1ec5n d\u1ecbch,\u00a0ch\u1ed1ng l\u1ea1i b\u1ec7nh t\u1eadt.<\/li>\n<li data-sourcepos=\"9:1-9:44\"><strong>Ch\u1ea5t x\u01a1:<\/strong>\u00a0H\u1ed7 tr\u1ee3 h\u1ec7 ti\u00eau h\u00f3a kh\u1ecfe m\u1ea1nh.<\/li>\n<li data-sourcepos=\"10:1-11:0\"><strong>Kho\u00e1ng ch\u1ea5t v\u00e0 vitamin:<\/strong>\u00a0Cung c\u1ea5p \u0111\u1ea7y \u0111\u1ee7 c\u00e1c d\u01b0\u1ee1ng ch\u1ea5t thi\u1ebft y\u1ebfu cho c\u01a1 th\u1ec3.<\/li>\n<\/ul>\n<p data-sourcepos=\"12:1-12:14\"><strong>C\u00f4ng d\u1ee5ng:<\/strong><\/p>\n<ul data-sourcepos=\"14:1-15:31\">\n<li data-sourcepos=\"14:1-14:93\"><strong>T\u0103ng c\u01b0\u1eddng s\u1ee9c \u0111\u1ec1 kh\u00e1ng:<\/strong>\u00a0Gi\u00fap c\u01a1 th\u1ec3 ch\u1ed1ng l\u1ea1i b\u1ec7nh t\u1eadt,\u00a0ph\u1ee5c h\u1ed3i s\u1ee9c kh\u1ecfe nhanh ch\u00f3ng.<\/li>\n<li data-sourcepos=\"15:1-15:31\"><strong>K\u00edch th\u00edch \u0103n ngon mi\u1ec7ng:<\/strong>\u00a0Gi\u00fap ng\u01b0\u1eddi b\u1ec7nh \u0103n ngon mi\u1ec7ng h\u01a1n,\u00a0c\u1ea3i thi\u1ec7n t\u00ecnh tr\u1ea1ng ch\u00e1n \u0103n.<\/li>\n<li data-sourcepos=\"16:1-16:82\"><strong>Ti\u00eau h\u00f3a t\u1ed1t:<\/strong>\u00a0H\u1ed7 tr\u1ee3 h\u1ec7 ti\u00eau h\u00f3a kh\u1ecfe m\u1ea1nh,\u00a0gi\u00fap h\u1ea5p thu dinh d\u01b0\u1ee1ng t\u1ed1t h\u01a1n.<\/li>\n<li data-sourcepos=\"17:1-18:0\"><strong>B\u1ed5 sung dinh d\u01b0\u1ee1ng:<\/strong>\u00a0Cung c\u1ea5p \u0111\u1ea7y \u0111\u1ee7 c\u00e1c d\u01b0\u1ee1ng ch\u1ea5t thi\u1ebft y\u1ebfu cho c\u01a1 th\u1ec3,\u00a0gi\u00fap ng\u01b0\u1eddi b\u1ec7nh t\u0103ng c\u00e2n,\u00a0kh\u1ecfe m\u1ea1nh.<\/li>\n<\/ul>\n<p data-sourcepos=\"19:1-19:22\"><strong>\u0110\u1ed1i t\u01b0\u1ee3ng s\u1eed d\u1ee5ng:<\/strong><\/p>\n<ul data-sourcepos=\"21:1-23:0\">\n<li data-sourcepos=\"21:1-21:104\"><strong>Ng\u01b0\u1eddi c\u1ea7n ph\u1ee5c h\u1ed3i s\u1ee9c kh\u1ecfe:<\/strong>\u00a0Ng\u01b0\u1eddi m\u1edbi \u1ed1m d\u1eady,\u00a0ng\u01b0\u1eddi g\u1ea7y,\u00a0ng\u01b0\u1eddi k\u00e9m \u0103n,\u00a0ng\u01b0\u1eddi ung th\u01b0,\u00a0ch\u00e1n \u0103n,&#8230;<\/li>\n<li data-sourcepos=\"22:1-23:0\"><strong>Ng\u01b0\u1eddi c\u00f3 ch\u1ebf \u0111\u1ed9 \u0103n u\u1ed1ng kh\u00f4ng c\u00e2n b\u1eb1ng:<\/strong>\u00a0Ng\u01b0\u1eddi \u0103n \u00edt rau xanh,\u00a0tr\u00e1i c\u00e2y,\u00a0ng\u01b0\u1eddi \u0103n ki\u00eang,&#8230;<\/li>\n<\/ul>\n<p data-sourcepos=\"24:1-24:17\"><strong>C\u00e1ch s\u1eed d\u1ee5ng:<\/strong><\/p>\n<ul data-sourcepos=\"26:1-29:0\">\n<li data-sourcepos=\"26:1-26:67\">Pha 4 mu\u1ed7ng g\u1ea1t (kho\u1ea3ng 30g) s\u1eefa v\u1edbi 180ml n\u01b0\u1edbc \u1ea5m (kho\u1ea3ng 50\u00b0C).<\/li>\n<li data-sourcepos=\"27:1-27:38\">Khu\u1ea5y \u0111\u1ec1u cho \u0111\u1ebfn khi tan ho\u00e0n to\u00e0n.<\/li>\n<li data-sourcepos=\"28:1-29:0\">U\u1ed1ng 2-3 ly m\u1ed7i ng\u00e0y.<\/li>\n<\/ul>\n<p data-sourcepos=\"30:1-30:10\"><strong>L\u01b0u \u00fd:<\/strong><\/p>\n<ul data-sourcepos=\"32:1-34:0\">\n<li data-sourcepos=\"32:1-32:81\">S\u1ea3n ph\u1ea9m n\u00e0y kh\u00f4ng ph\u1ea3i l\u00e0 thu\u1ed1c v\u00e0 kh\u00f4ng c\u00f3 t\u00e1c d\u1ee5ng thay th\u1ebf thu\u1ed1c ch\u1eefa b\u1ec7nh.<\/li>\n<li data-sourcepos=\"33:1-34:0\">N\u00ean s\u1eed d\u1ee5ng s\u1ea3n ph\u1ea9m theo h\u01b0\u1edbng d\u1eabn c\u1ee7a b\u00e1c s\u0129 ho\u1eb7c chuy\u00ean gia dinh d\u01b0\u1ee1ng.<\/li>\n<\/ul>\n<p data-sourcepos=\"35:1-35:15\"><strong>S\u1eefa LotteMilk Healthy<\/strong> l\u00e0 gi\u1ea3i ph\u00e1p dinh d\u01b0\u1ee1ng ho\u00e0n h\u1ea3o cho ng\u01b0\u1eddi c\u1ea7n ph\u1ee5c h\u1ed3i s\u1ee9c kh\u1ecfe. S\u1eefa gi\u00fap t\u0103ng c\u01b0\u1eddng s\u1ee9c \u0111\u1ec1 kh\u00e1ng, k\u00edch th\u00edch \u0103n ngon mi\u1ec7ng, ti\u00eau h\u00f3a t\u1ed1t v\u00e0 ph\u1ee5c h\u1ed3i s\u1ee9c kh\u1ecfe nhanh ch\u00f3ng.<\/p>\n","protected":false},"excerpt":{"rendered":"<p data-sourcepos=\"3:1-3:166\"><strong>S\u1eefa LotteMilk Healthy<\/strong> &#8211; Gi\u00fap ph\u1ee5c h\u1ed3i s\u1ee9c kh\u1ecfe nhanh, t\u0103ng c\u01b0\u1eddng \u0111\u1ec1 kh\u00e1ng, k\u00edch th\u00edch \u0103n ngon mi\u1ec7ng. D\u00e0nh cho ng\u01b0\u1eddi m\u1edbi \u1ed1m d\u1eady, ng\u01b0\u1eddi g\u1ea7y, ng\u01b0\u1eddi ung th\u01b0, ch\u00e1n \u0103n.<\/p>\n<p data-sourcepos=\"5:1-5:28\"><strong>Li\u00ean h\u1ec7 t\u01b0 v\u1ea5n mi\u1ec5n ph\u00ed!<\/strong><\/p>\n","protected":false},"featured_media":89,"comment_status":"open","ping_status":"closed","template":"","meta":[],"product_brand":[],"product_cat":[19],"product_tag":[],"class_list":{"0":"post-88","1":"product","2":"type-product","3":"status-publish","4":"has-post-thumbnail","6":"product_cat-sua-y-te","8":"first","9":"instock","10":"shipping-taxable","11":"product-type-simple"},"_links":{"self":[{"href":"https:\/\/bacsicuatoi.com\/index.php\/wp-json\/wp\/v2\/product\/88","targetHints":{"allow":["GET"]}}],"collection":[{"href":"https:\/\/bacsicuatoi.com\/index.php\/wp-json\/wp\/v2\/product"}],"about":[{"href":"https:\/\/bacsicuatoi.com\/index.php\/wp-json\/wp\/v2\/types\/product"}],"replies":[{"embeddable":true,"href":"https:\/\/bacsicuatoi.com\/index.php\/wp-json\/wp\/v2\/comments?post=88"}],"wp:featuredmedia":[{"embeddable":true,"href":"https:\/\/bacsicuatoi.com\/index.php\/wp-json\/wp\/v2\/media\/89"}],"wp:attachment":[{"href":"https:\/\/bacsicuatoi.com\/index.php\/wp-json\/wp\/v2\/media?parent=88"}],"wp:term":[{"taxonomy":"product_brand","embeddable":true,"href":"https:\/\/bacsicuatoi.com\/index.php\/wp-json\/wp\/v2\/product_brand?post=88"},{"taxonomy":"product_cat","embeddable":true,"href":"https:\/\/bacsicuatoi.com\/index.php\/wp-json\/wp\/v2\/product_cat?post=88"},{"taxonomy":"product_tag","embeddable":true,"href":"https:\/\/bacsicuatoi.com\/index.php\/wp-json\/wp\/v2\/product_tag?post=88"}],"curies":[{"name":"wp","href":"https:\/\/api.w.org\/{rel}","templated":true}]}}