{"id":90,"date":"2024-02-20T23:40:24","date_gmt":"2024-02-20T16:40:24","guid":{"rendered":"https:\/\/bacsicuatoi.com\/?post_type=product&#038;p=90"},"modified":"2024-02-20T23:41:55","modified_gmt":"2024-02-20T16:41:55","slug":"sua-lottemilk-ney-gold","status":"publish","type":"product","link":"https:\/\/bacsicuatoi.com\/index.php\/product\/sua-lottemilk-ney-gold\/","title":{"rendered":"S\u1eefa LotteMilk Ney Gold"},"content":{"rendered":"<h2 class=\"\" data-sourcepos=\"1:1-1:76\">S\u1eefa LotteMilk Ney Gold &#8211; Gi\u1ea3i ph\u00e1p dinh d\u01b0\u1ee1ng ho\u00e0n h\u1ea3o cho ng\u01b0\u1eddi suy th\u1eadn<\/h2>\n<p data-sourcepos=\"3:1-3:49\"><strong>S\u1eefa LotteMilk Ney Gold<\/strong> l\u00e0 s\u1ea3n ph\u1ea9m dinh d\u01b0\u1ee1ng \u0111\u1eb7c bi\u1ec7t d\u00e0nh cho ng\u01b0\u1eddi suy th\u1eadn, \u0111\u01b0\u1ee3c nghi\u00ean c\u1ee9u v\u00e0 ph\u00e1t tri\u1ec3n b\u1edfi \u0111\u1ed9i ng\u0169 chuy\u00ean gia dinh d\u01b0\u1ee1ng h\u00e0ng \u0111\u1ea7u H\u00e0n Qu\u1ed1c. V\u1edbi c\u00f4ng th\u1ee9c ti\u00ean ti\u1ebfn, <strong>S\u1eefa LotteMilk Ney Gold<\/strong> cung c\u1ea5p \u0111\u1ea7y \u0111\u1ee7 c\u00e1c d\u01b0\u1ee1ng ch\u1ea5t thi\u1ebft y\u1ebfu, gi\u00fap h\u1ed7 tr\u1ee3 ch\u1ee9c n\u0103ng th\u1eadn, t\u0103ng c\u01b0\u1eddng s\u1ee9c \u0111\u1ec1 kh\u00e1ng v\u00e0 c\u1ea3i thi\u1ec7n ch\u1ea5t l\u01b0\u1ee3ng cu\u1ed9c s\u1ed1ng cho ng\u01b0\u1eddi b\u1ec7nh.<\/p>\n<figure id=\"attachment_91\" aria-describedby=\"caption-attachment-91\" style=\"width: 300px\" class=\"wp-caption aligncenter\"><img loading=\"lazy\" decoding=\"async\" class=\"wp-image-91 size-full\" src=\"http:\/\/bacsicuatoi.com\/wp-content\/uploads\/2024\/02\/ney-gold-300x300-1.jpg\" alt=\"S\u1eefa LotteMilk Ney Gold\" width=\"300\" height=\"300\" srcset=\"https:\/\/bacsicuatoi.com\/wp-content\/uploads\/2024\/02\/ney-gold-300x300-1.jpg 300w, https:\/\/bacsicuatoi.com\/wp-content\/uploads\/2024\/02\/ney-gold-300x300-1-150x150.jpg 150w, https:\/\/bacsicuatoi.com\/wp-content\/uploads\/2024\/02\/ney-gold-300x300-1-100x100.jpg 100w\" sizes=\"auto, (max-width: 300px) 100vw, 300px\" \/><figcaption id=\"caption-attachment-91\" class=\"wp-caption-text\">S\u1eefa LotteMilk Ney Gold<\/figcaption><\/figure>\n<p data-sourcepos=\"5:1-5:15\"><strong>Th\u00e0nh ph\u1ea7n:<\/strong><\/p>\n<p data-sourcepos=\"7:1-7:55\"><strong>S\u1eefa LotteMilk Ney Gold<\/strong> ch\u1ee9a 32 ho\u1ea1t ch\u1ea5t thi\u1ebft y\u1ebfu, bao g\u1ed3m:<\/p>\n<ul data-sourcepos=\"9:1-13:42\">\n<li data-sourcepos=\"9:1-9:82\"><strong>H\u00e0m l\u01b0\u1ee3ng Protein th\u1ea5p:<\/strong>\u00a0Gi\u1ea3m g\u00e1nh n\u1eb7ng cho th\u1eadn,\u00a0gi\u00fap b\u1ea3o v\u1ec7 ch\u1ee9c n\u0103ng th\u1eadn.<\/li>\n<li data-sourcepos=\"10:1-10:100\"><strong>\u00cdt Natri, Kali, Photpho:<\/strong>\u00a0Gi\u00fap ki\u1ec3m so\u00e1t huy\u1ebft \u00e1p,\u00a0ng\u0103n ng\u1eeba ph\u00f9 n\u1ec1 v\u00e0 c\u00e1c bi\u1ebfn ch\u1ee9ng tim m\u1ea1ch.<\/li>\n<li data-sourcepos=\"11:1-11:85\"><strong>\u0110a d\u1ea1ng Vitamin v\u00e0 kho\u00e1ng ch\u1ea5t:<\/strong>\u00a0T\u0103ng c\u01b0\u1eddng s\u1ee9c \u0111\u1ec1 kh\u00e1ng,\u00a0gi\u00fap c\u01a1 th\u1ec3 kh\u1ecfe m\u1ea1nh.<\/li>\n<li data-sourcepos=\"12:1-12:91\"><strong>Ch\u1ea5t x\u01a1 h\u00f2a tan (FOS):<\/strong>\u00a0H\u1ed7 tr\u1ee3 h\u1ec7 ti\u00eau h\u00f3a kh\u1ecfe m\u1ea1nh,\u00a0gi\u00fap h\u1ea5p thu dinh d\u01b0\u1ee1ng t\u1ed1t h\u01a1n.<\/li>\n<li data-sourcepos=\"13:1-13:42\"><strong>B\u1ed9t \u0111\u01b0\u1eddng h\u1ea5p th\u1ee5 ch\u1eadm:<\/strong>\u00a0Gi\u00fap \u1ed5n \u0111\u1ecbnh \u0111\u01b0\u1eddng huy\u1ebft,\u00a0ph\u00f9 h\u1ee3p v\u1edbi ng\u01b0\u1eddi b\u1ec7nh ti\u1ec3u \u0111\u01b0\u1eddng.<\/li>\n<\/ul>\n<p data-sourcepos=\"15:1-15:14\"><strong>C\u00f4ng d\u1ee5ng:<\/strong><\/p>\n<p data-sourcepos=\"17:1-17:84\"><strong>S\u1eefa LotteMilk Ney Gold<\/strong> c\u00f3 nhi\u1ec1u c\u00f4ng d\u1ee5ng tuy\u1ec7t v\u1eddi cho ng\u01b0\u1eddi suy th\u1eadn, bao g\u1ed3m:<\/p>\n<ul data-sourcepos=\"19:1-24:0\">\n<li data-sourcepos=\"19:1-19:65\">H\u1ed7 tr\u1ee3 ch\u1ee9c n\u0103ng th\u1eadn,\u00a0gi\u00fap c\u1ea3i thi\u1ec7n c\u00e1c tri\u1ec7u ch\u1ee9ng suy th\u1eadn.<\/li>\n<li data-sourcepos=\"20:1-20:49\">T\u0103ng c\u01b0\u1eddng s\u1ee9c \u0111\u1ec1 kh\u00e1ng,\u00a0gi\u00fap c\u01a1 th\u1ec3 kh\u1ecfe m\u1ea1nh.<\/li>\n<li data-sourcepos=\"21:1-21:45\">Gi\u1ea3m nguy c\u01a1 bi\u1ebfn ch\u1ee9ng tim m\u1ea1ch,\u00a0huy\u1ebft \u00e1p.<\/li>\n<li data-sourcepos=\"22:1-22:57\">C\u1ea3i thi\u1ec7n h\u1ec7 ti\u00eau h\u00f3a,\u00a0gi\u00fap h\u1ea5p thu dinh d\u01b0\u1ee1ng t\u1ed1t h\u01a1n.<\/li>\n<li data-sourcepos=\"23:1-24:0\">\u1ed4n \u0111\u1ecbnh \u0111\u01b0\u1eddng huy\u1ebft,\u00a0ph\u00f9 h\u1ee3p v\u1edbi ng\u01b0\u1eddi b\u1ec7nh ti\u1ec3u \u0111\u01b0\u1eddng.<\/li>\n<\/ul>\n<p data-sourcepos=\"25:1-25:22\"><strong>\u0110\u1ed1i t\u01b0\u1ee3ng s\u1eed d\u1ee5ng:<\/strong><\/p>\n<p data-sourcepos=\"27:1-27:51\"><strong>S\u1eefa LotteMilk Ney Gold<\/strong> ph\u00f9 h\u1ee3p v\u1edbi nh\u1eefng ng\u01b0\u1eddi:<\/p>\n<ul data-sourcepos=\"29:1-32:0\">\n<li data-sourcepos=\"29:1-29:32\">B\u1ecb suy th\u1eadn c\u1ea5p,\u00a0suy th\u1eadn m\u00e3n.<\/li>\n<li data-sourcepos=\"30:1-30:29\">C\u00f3 nguy c\u01a1 cao b\u1ecb suy th\u1eadn.<\/li>\n<li data-sourcepos=\"31:1-32:0\">Ng\u01b0\u1eddi c\u1ea7n ch\u1ebf \u0111\u1ed9 \u0103n protein th\u1ea5p,\u00a0gi\u1ea3m Natri Kali,\u00a0Photpho v\u00e0 gi\u00e0u n\u0103ng l\u01b0\u1ee3ng.<\/li>\n<\/ul>\n<p data-sourcepos=\"33:1-33:17\"><strong>C\u00e1ch s\u1eed d\u1ee5ng:<\/strong><\/p>\n<ul data-sourcepos=\"35:1-38:0\">\n<li data-sourcepos=\"35:1-35:76\">Pha 4 mu\u1ed7ng g\u1ea1t (kho\u1ea3ng 30g)\u00a0<strong>S\u1eefa LotteMilk Ney Gold<\/strong>\u00a0v\u1edbi 200ml n\u01b0\u1edbc \u1ea5m.<\/li>\n<li data-sourcepos=\"36:1-36:38\">Khu\u1ea5y \u0111\u1ec1u cho \u0111\u1ebfn khi tan ho\u00e0n to\u00e0n.<\/li>\n<li data-sourcepos=\"37:1-38:0\">U\u1ed1ng 2-3 ly m\u1ed7i ng\u00e0y,\u00a0ho\u1eb7c theo h\u01b0\u1edbng d\u1eabn c\u1ee7a b\u00e1c s\u0129.<\/li>\n<\/ul>\n<p data-sourcepos=\"39:1-39:13\"><strong>Quy c\u00e1ch:<\/strong><\/p>\n<p data-sourcepos=\"41:1-41:59\"><strong>S\u1eefa LotteMilk Ney Gold<\/strong> \u0111\u01b0\u1ee3c \u0111\u00f3ng h\u1ed9p v\u1edbi 2 tr\u1ecdng l\u01b0\u1ee3ng:<\/p>\n<ul data-sourcepos=\"43:1-45:0\">\n<li data-sourcepos=\"43:1-43:12\">Lon 400gr.<\/li>\n<li data-sourcepos=\"44:1-45:0\">Lon 750gr.<\/li>\n<\/ul>\n<p data-sourcepos=\"46:1-46:10\"><strong>L\u01b0u \u00fd:<\/strong><\/p>\n<ul data-sourcepos=\"48:1-51:0\">\n<li data-sourcepos=\"48:1-48:95\"><strong>S\u1eefa LotteMilk Ney Gold<\/strong>\u00a0kh\u00f4ng ph\u1ea3i l\u00e0 thu\u1ed1c v\u00e0 kh\u00f4ng c\u00f3 t\u00e1c d\u1ee5ng thay th\u1ebf thu\u1ed1c ch\u1eefa b\u1ec7nh.<\/li>\n<li data-sourcepos=\"49:1-49:76\">N\u00ean s\u1eed d\u1ee5ng s\u1ea3n ph\u1ea9m theo h\u01b0\u1edbng d\u1eabn c\u1ee7a b\u00e1c s\u0129 ho\u1eb7c chuy\u00ean gia dinh d\u01b0\u1ee1ng.<\/li>\n<li data-sourcepos=\"50:1-51:0\">B\u1ea3o qu\u1ea3n s\u1ea3n ph\u1ea9m n\u01a1i kh\u00f4 r\u00e1o,\u00a0tho\u00e1ng m\u00e1t,\u00a0tr\u00e1nh \u00e1nh n\u1eafng tr\u1ef1c ti\u1ebfp.<\/li>\n<\/ul>\n<hr class=\"\" data-sourcepos=\"52:1-52:4\" \/>\n<p data-sourcepos=\"54:1-54:50\"><strong>## L\u1ee3i \u00edch khi s\u1eed d\u1ee5ng S\u1eefa LotteMilk Ney Gold:<\/strong><\/p>\n<ul data-sourcepos=\"56:1-59:0\">\n<li data-sourcepos=\"56:1-56:179\"><strong>Hi\u1ec7u qu\u1ea3 cao:<\/strong>\u00a0<strong>S\u1eefa LotteMilk Ney Gold<\/strong>\u00a0\u0111\u01b0\u1ee3c ch\u1ee9ng minh l\u00e2m s\u00e0ng gi\u00fap c\u1ea3i thi\u1ec7n ch\u1ee9c n\u0103ng th\u1eadn,\u00a0gi\u1ea3m nguy c\u01a1 bi\u1ebfn ch\u1ee9ng v\u00e0 n\u00e2ng cao ch\u1ea5t l\u01b0\u1ee3ng cu\u1ed9c s\u1ed1ng cho ng\u01b0\u1eddi suy th\u1eadn.<\/li>\n<li data-sourcepos=\"57:1-57:109\"><strong>An to\u00e0n:<\/strong>\u00a0<strong>S\u1eefa LotteMilk Ney Gold<\/strong>\u00a0\u0111\u01b0\u1ee3c s\u1ea3n xu\u1ea5t t\u1eeb nguy\u00ean li\u1ec7u cao c\u1ea5p,\u00a0\u0111\u1ea3m b\u1ea3o an to\u00e0n cho s\u1ee9c kh\u1ecfe.<\/li>\n<li data-sourcepos=\"58:1-59:0\"><strong>D\u1ec5 s\u1eed d\u1ee5ng:<\/strong>\u00a0<strong>S\u1eefa LotteMilk Ney Gold<\/strong>\u00a0c\u00f3 h\u01b0\u01a1ng v\u1ecb th\u01a1m ngon,\u00a0d\u1ec5 u\u1ed1ng,\u00a0ph\u00f9 h\u1ee3p v\u1edbi m\u1ecdi l\u1ee9a tu\u1ed5i.<\/li>\n<\/ul>\n<hr class=\"\" data-sourcepos=\"60:1-60:4\" \/>\n<p data-sourcepos=\"62:1-62:40\"><strong>## Mua S\u1eefa LotteMilk Ney Gold \u1edf \u0111\u00e2u?<\/strong><\/p>\n<p data-sourcepos=\"64:1-64:209\"><strong>S\u1eefa LotteMilk Ney Gold<\/strong> \u0111\u01b0\u1ee3c b\u00e1n r\u1ed9ng r\u00e3i t\u1ea1i c\u00e1c nh\u00e0 thu\u1ed1c, c\u1eeda h\u00e0ng m\u1eb9 v\u00e0 b\u00e9 tr\u00ean to\u00e0n qu\u1ed1c. B\u1ea1n c\u0169ng c\u00f3 th\u1ec3 \u0111\u1eb7t mua s\u1ea3n ph\u1ea9m tr\u1ef1c tuy\u1ebfn t\u1ea1i website c\u1ee7a LotteMart ho\u1eb7c c\u00e1c trang th\u01b0\u01a1ng m\u1ea1i \u0111i\u1ec7n t\u1eed uy t\u00edn.<\/p>\n","protected":false},"excerpt":{"rendered":"<p><strong>S\u1eefa LotteMilk Ney Gold<\/strong> cung c\u1ea5p \u0111\u1ea7y \u0111\u1ee7 d\u01b0\u1ee1ng ch\u1ea5t thi\u1ebft y\u1ebfu, h\u1ed7 tr\u1ee3 ch\u1ee9c n\u0103ng th\u1eadn, t\u0103ng c\u01b0\u1eddng s\u1ee9c \u0111\u1ec1 kh\u00e1ng, c\u1ea3i thi\u1ec7n ch\u1ea5t l\u01b0\u1ee3ng cu\u1ed9c s\u1ed1ng cho ng\u01b0\u1eddi suy th\u1eadn.<\/p>\n","protected":false},"featured_media":91,"comment_status":"open","ping_status":"closed","template":"","meta":[],"product_brand":[],"product_cat":[19],"product_tag":[],"class_list":{"0":"post-90","1":"product","2":"type-product","3":"status-publish","4":"has-post-thumbnail","6":"product_cat-sua-y-te","8":"first","9":"instock","10":"shipping-taxable","11":"product-type-simple"},"_links":{"self":[{"href":"https:\/\/bacsicuatoi.com\/index.php\/wp-json\/wp\/v2\/product\/90","targetHints":{"allow":["GET"]}}],"collection":[{"href":"https:\/\/bacsicuatoi.com\/index.php\/wp-json\/wp\/v2\/product"}],"about":[{"href":"https:\/\/bacsicuatoi.com\/index.php\/wp-json\/wp\/v2\/types\/product"}],"replies":[{"embeddable":true,"href":"https:\/\/bacsicuatoi.com\/index.php\/wp-json\/wp\/v2\/comments?post=90"}],"wp:featuredmedia":[{"embeddable":true,"href":"https:\/\/bacsicuatoi.com\/index.php\/wp-json\/wp\/v2\/media\/91"}],"wp:attachment":[{"href":"https:\/\/bacsicuatoi.com\/index.php\/wp-json\/wp\/v2\/media?parent=90"}],"wp:term":[{"taxonomy":"product_brand","embeddable":true,"href":"https:\/\/bacsicuatoi.com\/index.php\/wp-json\/wp\/v2\/product_brand?post=90"},{"taxonomy":"product_cat","embeddable":true,"href":"https:\/\/bacsicuatoi.com\/index.php\/wp-json\/wp\/v2\/product_cat?post=90"},{"taxonomy":"product_tag","embeddable":true,"href":"https:\/\/bacsicuatoi.com\/index.php\/wp-json\/wp\/v2\/product_tag?post=90"}],"curies":[{"name":"wp","href":"https:\/\/api.w.org\/{rel}","templated":true}]}}